{"id":813,"date":"2020-03-29T21:40:54","date_gmt":"2020-03-29T21:40:54","guid":{"rendered":"http:\/\/ur.is\/?post_type=product&#038;p=813"},"modified":"2024-11-17T12:51:49","modified_gmt":"2024-11-17T12:51:49","slug":"bordklukka-3","status":"publish","type":"product","link":"https:\/\/ur.is\/index.php\/product\/bordklukka-3\/","title":{"rendered":"Bor\u00f0klukka"},"content":{"rendered":"<p>Mj\u00f6g flott bor\u00f0klukka<\/p>\n","protected":false},"excerpt":{"rendered":"<p>Mj\u00f6g flott bor\u00f0klukka<\/p>\n","protected":false},"featured_media":793,"comment_status":"open","ping_status":"closed","template":"","meta":[],"product_brand":[],"product_cat":[15,23],"product_tag":[],"class_list":{"0":"post-813","1":"product","2":"type-product","3":"status-publish","4":"has-post-thumbnail","6":"product_cat-uncategorized","7":"product_cat-bodklukkur","9":"first","10":"instock","11":"shipping-taxable","12":"product-type-simple","13":"customify-col","14":"product-has-gallery"},"_links":{"self":[{"href":"https:\/\/ur.is\/index.php\/wp-json\/wp\/v2\/product\/813","targetHints":{"allow":["GET"]}}],"collection":[{"href":"https:\/\/ur.is\/index.php\/wp-json\/wp\/v2\/product"}],"about":[{"href":"https:\/\/ur.is\/index.php\/wp-json\/wp\/v2\/types\/product"}],"replies":[{"embeddable":true,"href":"https:\/\/ur.is\/index.php\/wp-json\/wp\/v2\/comments?post=813"}],"wp:featuredmedia":[{"embeddable":true,"href":"https:\/\/ur.is\/index.php\/wp-json\/wp\/v2\/media\/793"}],"wp:attachment":[{"href":"https:\/\/ur.is\/index.php\/wp-json\/wp\/v2\/media?parent=813"}],"wp:term":[{"taxonomy":"product_brand","embeddable":true,"href":"https:\/\/ur.is\/index.php\/wp-json\/wp\/v2\/product_brand?post=813"},{"taxonomy":"product_cat","embeddable":true,"href":"https:\/\/ur.is\/index.php\/wp-json\/wp\/v2\/product_cat?post=813"},{"taxonomy":"product_tag","embeddable":true,"href":"https:\/\/ur.is\/index.php\/wp-json\/wp\/v2\/product_tag?post=813"}],"curies":[{"name":"wp","href":"https:\/\/api.w.org\/{rel}","templated":true}]}}