{"id":739,"date":"2020-03-16T20:34:25","date_gmt":"2020-03-16T20:34:25","guid":{"rendered":"http:\/\/ur.is\/?post_type=product&#038;p=739"},"modified":"2023-11-21T23:16:21","modified_gmt":"2023-11-21T23:16:21","slug":"vasaur","status":"publish","type":"product","link":"https:\/\/ur.is\/index.php\/product\/vasaur\/","title":{"rendered":"Vasa\u00far"},"content":{"rendered":"<p>Mj\u00f6g flott vasa\u00far<\/p>\n","protected":false},"excerpt":{"rendered":"<p>Mj\u00f6g flott vasa\u00far<\/p>\n","protected":false},"featured_media":698,"comment_status":"open","ping_status":"closed","template":"","meta":[],"product_brand":[],"product_cat":[21],"product_tag":[],"class_list":{"0":"post-739","1":"product","2":"type-product","3":"status-publish","4":"has-post-thumbnail","6":"product_cat-vasaur","8":"first","9":"instock","10":"shipping-taxable","11":"product-type-simple","12":"customify-col","13":"product-has-gallery"},"_links":{"self":[{"href":"https:\/\/ur.is\/index.php\/wp-json\/wp\/v2\/product\/739","targetHints":{"allow":["GET"]}}],"collection":[{"href":"https:\/\/ur.is\/index.php\/wp-json\/wp\/v2\/product"}],"about":[{"href":"https:\/\/ur.is\/index.php\/wp-json\/wp\/v2\/types\/product"}],"replies":[{"embeddable":true,"href":"https:\/\/ur.is\/index.php\/wp-json\/wp\/v2\/comments?post=739"}],"wp:featuredmedia":[{"embeddable":true,"href":"https:\/\/ur.is\/index.php\/wp-json\/wp\/v2\/media\/698"}],"wp:attachment":[{"href":"https:\/\/ur.is\/index.php\/wp-json\/wp\/v2\/media?parent=739"}],"wp:term":[{"taxonomy":"product_brand","embeddable":true,"href":"https:\/\/ur.is\/index.php\/wp-json\/wp\/v2\/product_brand?post=739"},{"taxonomy":"product_cat","embeddable":true,"href":"https:\/\/ur.is\/index.php\/wp-json\/wp\/v2\/product_cat?post=739"},{"taxonomy":"product_tag","embeddable":true,"href":"https:\/\/ur.is\/index.php\/wp-json\/wp\/v2\/product_tag?post=739"}],"curies":[{"name":"wp","href":"https:\/\/api.w.org\/{rel}","templated":true}]}}