{"id":276,"date":"2018-09-16T05:28:14","date_gmt":"2018-09-16T05:28:14","guid":{"rendered":"https:\/\/customifysites.com\/outfit\/?post_type=product&#038;p=276"},"modified":"2020-03-16T18:36:59","modified_gmt":"2020-03-16T18:36:59","slug":"hurley-reversible-bomber-tunic","status":"publish","type":"product","link":"https:\/\/ur.is\/index.php\/product\/hurley-reversible-bomber-tunic\/","title":{"rendered":"Armbands\u00far"},"content":{"rendered":"<p>Mj\u00f6g flott armbands\u00far<\/p>\n","protected":false},"excerpt":{"rendered":"<p>Mj\u00f6g flott armbands\u00far<\/p>\n","protected":false},"featured_media":686,"comment_status":"closed","ping_status":"closed","template":"","meta":[],"product_brand":[],"product_cat":[26],"product_tag":[],"class_list":{"0":"post-276","1":"product","2":"type-product","3":"status-publish","4":"has-post-thumbnail","6":"product_cat-armbandsur","8":"first","9":"instock","10":"featured","11":"shipping-taxable","12":"product-type-external","13":"customify-col","14":"product-has-gallery"},"_links":{"self":[{"href":"https:\/\/ur.is\/index.php\/wp-json\/wp\/v2\/product\/276","targetHints":{"allow":["GET"]}}],"collection":[{"href":"https:\/\/ur.is\/index.php\/wp-json\/wp\/v2\/product"}],"about":[{"href":"https:\/\/ur.is\/index.php\/wp-json\/wp\/v2\/types\/product"}],"replies":[{"embeddable":true,"href":"https:\/\/ur.is\/index.php\/wp-json\/wp\/v2\/comments?post=276"}],"wp:featuredmedia":[{"embeddable":true,"href":"https:\/\/ur.is\/index.php\/wp-json\/wp\/v2\/media\/686"}],"wp:attachment":[{"href":"https:\/\/ur.is\/index.php\/wp-json\/wp\/v2\/media?parent=276"}],"wp:term":[{"taxonomy":"product_brand","embeddable":true,"href":"https:\/\/ur.is\/index.php\/wp-json\/wp\/v2\/product_brand?post=276"},{"taxonomy":"product_cat","embeddable":true,"href":"https:\/\/ur.is\/index.php\/wp-json\/wp\/v2\/product_cat?post=276"},{"taxonomy":"product_tag","embeddable":true,"href":"https:\/\/ur.is\/index.php\/wp-json\/wp\/v2\/product_tag?post=276"}],"curies":[{"name":"wp","href":"https:\/\/api.w.org\/{rel}","templated":true}]}}