{"id":260,"date":"2018-09-16T05:24:53","date_gmt":"2018-09-16T05:24:53","guid":{"rendered":"https:\/\/customifysites.com\/outfit\/?post_type=product&#038;p=260"},"modified":"2020-03-16T19:31:25","modified_gmt":"2020-03-16T19:31:25","slug":"air-n98-womens","status":"publish","type":"product","link":"https:\/\/ur.is\/index.php\/product\/air-n98-womens\/","title":{"rendered":"Armbands\u00far"},"content":{"rendered":"<p>Mj\u00f6g flott armbands\u00far<\/p>\n","protected":false},"excerpt":{"rendered":"<p>Mj\u00f6g flott armbands\u00far<\/p>\n","protected":false},"featured_media":717,"comment_status":"closed","ping_status":"closed","template":"","meta":[],"product_brand":[],"product_cat":[26],"product_tag":[],"class_list":{"0":"post-260","1":"product","2":"type-product","3":"status-publish","4":"has-post-thumbnail","6":"product_cat-armbandsur","8":"first","9":"outofstock","10":"featured","11":"shipping-taxable","12":"product-type-simple","13":"customify-col","14":"product-has-gallery"},"_links":{"self":[{"href":"https:\/\/ur.is\/index.php\/wp-json\/wp\/v2\/product\/260","targetHints":{"allow":["GET"]}}],"collection":[{"href":"https:\/\/ur.is\/index.php\/wp-json\/wp\/v2\/product"}],"about":[{"href":"https:\/\/ur.is\/index.php\/wp-json\/wp\/v2\/types\/product"}],"replies":[{"embeddable":true,"href":"https:\/\/ur.is\/index.php\/wp-json\/wp\/v2\/comments?post=260"}],"wp:featuredmedia":[{"embeddable":true,"href":"https:\/\/ur.is\/index.php\/wp-json\/wp\/v2\/media\/717"}],"wp:attachment":[{"href":"https:\/\/ur.is\/index.php\/wp-json\/wp\/v2\/media?parent=260"}],"wp:term":[{"taxonomy":"product_brand","embeddable":true,"href":"https:\/\/ur.is\/index.php\/wp-json\/wp\/v2\/product_brand?post=260"},{"taxonomy":"product_cat","embeddable":true,"href":"https:\/\/ur.is\/index.php\/wp-json\/wp\/v2\/product_cat?post=260"},{"taxonomy":"product_tag","embeddable":true,"href":"https:\/\/ur.is\/index.php\/wp-json\/wp\/v2\/product_tag?post=260"}],"curies":[{"name":"wp","href":"https:\/\/api.w.org\/{rel}","templated":true}]}}