{"id":220,"date":"2018-09-15T07:57:27","date_gmt":"2018-09-15T07:57:27","guid":{"rendered":"https:\/\/customifysites.com\/outfit\/?post_type=product&#038;p=220"},"modified":"2021-01-23T23:01:13","modified_gmt":"2021-01-23T23:01:13","slug":"tennis-tank-top","status":"publish","type":"product","link":"https:\/\/ur.is\/index.php\/product\/tennis-tank-top\/","title":{"rendered":"Bor\u00f0klukka"},"content":{"rendered":"<p>Mj\u00f6g flott bor\u00f0klukka<\/p>\n","protected":false},"excerpt":{"rendered":"<p>Mj\u00f6g flott bor\u00f0klukka<\/p>\n","protected":false},"featured_media":714,"comment_status":"open","ping_status":"closed","template":"","meta":[],"product_brand":[],"product_cat":[23],"product_tag":[],"class_list":{"0":"post-220","1":"product","2":"type-product","3":"status-publish","4":"has-post-thumbnail","6":"product_cat-bodklukkur","8":"first","9":"instock","10":"featured","11":"shipping-taxable","12":"product-type-simple","13":"customify-col","14":"product-has-gallery"},"_links":{"self":[{"href":"https:\/\/ur.is\/index.php\/wp-json\/wp\/v2\/product\/220","targetHints":{"allow":["GET"]}}],"collection":[{"href":"https:\/\/ur.is\/index.php\/wp-json\/wp\/v2\/product"}],"about":[{"href":"https:\/\/ur.is\/index.php\/wp-json\/wp\/v2\/types\/product"}],"replies":[{"embeddable":true,"href":"https:\/\/ur.is\/index.php\/wp-json\/wp\/v2\/comments?post=220"}],"wp:featuredmedia":[{"embeddable":true,"href":"https:\/\/ur.is\/index.php\/wp-json\/wp\/v2\/media\/714"}],"wp:attachment":[{"href":"https:\/\/ur.is\/index.php\/wp-json\/wp\/v2\/media?parent=220"}],"wp:term":[{"taxonomy":"product_brand","embeddable":true,"href":"https:\/\/ur.is\/index.php\/wp-json\/wp\/v2\/product_brand?post=220"},{"taxonomy":"product_cat","embeddable":true,"href":"https:\/\/ur.is\/index.php\/wp-json\/wp\/v2\/product_cat?post=220"},{"taxonomy":"product_tag","embeddable":true,"href":"https:\/\/ur.is\/index.php\/wp-json\/wp\/v2\/product_tag?post=220"}],"curies":[{"name":"wp","href":"https:\/\/api.w.org\/{rel}","templated":true}]}}